{"id":46,"date":"2017-03-21T09:36:53","date_gmt":"2017-03-21T08:36:53","guid":{"rendered":"http:\/\/row.kpodr.pl\/index.php\/przyklad2-2\/"},"modified":"2024-03-11T13:52:31","modified_gmt":"2024-03-11T12:52:31","slug":"przyklad2-2","status":"publish","type":"page","link":"https:\/\/row.kpodr.pl\/index.php\/przyklad2-2\/","title":{"rendered":"Kontakt"},"content":{"rendered":"<p><span style=\"text-decoration: underline; font-family: arial, helvetica, sans-serif;\"><strong><span style=\"font-size: 20px;\">KPODR w Minikowie<\/span><\/strong><\/span><\/p>\n<table style=\"width: 100%; border-collapse: collapse; border-style: hidden; height: 440px;\">\n<tbody>\n<tr style=\"height: 122px;\">\n<td style=\"width: 50%; height: 122px;\">\n<p style=\"margin: 0cm; line-height: 150%; background: white;\"><strong><span style=\"font-size: 13.0pt; line-height: 150%; font-family: 'Arial',sans-serif; color: black;\">Aleksandra Bieli\u0144ska<\/span><\/strong><\/p>\n<p style=\"margin: 0cm; line-height: 150%; background: white; margin-right: revert; margin-left: revert; font-variant-ligatures: normal; font-variant-caps: normal; orphans: 2; text-align: start; widows: 2; -webkit-text-stroke-width: 0px; text-decoration-thickness: initial; text-decoration-style: initial; text-decoration-color: initial; word-spacing: 0px;\"><strong><span style=\"font-size: 10.0pt; line-height: 150%; font-family: 'Arial',sans-serif; color: darkgreen;\">Kierownik Dzia\u0142u Rozwoju Obszar\u00f3w Wiejskich<\/span><\/strong><span style=\"font-size: 13.5pt; line-height: 150%; font-family: 'Segoe UI',sans-serif; color: black;\"><br \/>\n<\/span><strong><span style=\"font-family: 'Arial',sans-serif; color: black;\">Wsp\u00f3lna Polityka Rolna, fundusze unijne<\/span><\/strong><\/p>\n<p style=\"margin: 0cm; line-height: 150%; background: white; margin-right: revert; margin-left: revert; font-variant-ligatures: normal; font-variant-caps: normal; orphans: 2; text-align: start; widows: 2; -webkit-text-stroke-width: 0px; text-decoration-thickness: initial; text-decoration-style: initial; text-decoration-color: initial; word-spacing: 0px;\"><span style=\"font-family: 'Arial',sans-serif; color: black;\">e-mail:\u00a0<strong><span style=\"font-family: 'Arial',sans-serif;\"><a style=\"transition: color 0.3s ease 0s; outline: 0px;\" href=\"mailto:aleksandra.bielinska@kpodr.pl\"><span style=\"color: green;\">aleksandra.bielinska@kpodr.pl<\/span><\/a><\/span><\/strong><\/span><\/p>\n<\/td>\n<td style=\"width: 50%; height: 122px;\">\n<p style=\"margin: 0cm; line-height: 150%;\"><strong><span style=\"font-size: 13.0pt; line-height: 150%; font-family: 'Arial',sans-serif;\">Ma\u0142gorzata Weso\u0142owska<\/span><\/strong><\/p>\n<p style=\"margin: 0cm; line-height: 150%;\"><strong><span style=\"font-size: 10.0pt; line-height: 150%; font-family: 'Arial',sans-serif; color: darkgreen;\">Broker innowacji<\/span><\/strong><span style=\"font-size: 10.0pt; line-height: 150%;\"><br \/>\n<\/span><strong><span style=\"font-family: 'Arial',sans-serif;\">Przedsi\u0119biorczo\u015b\u0107<\/span><\/strong><\/p>\n<p style=\"margin: 0cm; line-height: 150%;\"><span style=\"font-family: 'Arial',sans-serif;\">e-mail:<strong> <a href=\"mailto:wioleta.lorenc@kpodr.pl\"><span style=\"color: green;\">malgorzata.wesolowska@kpodr.pl<\/span><\/a><\/strong><\/span><\/p>\n<p style=\"margin: 0cm; line-height: 150%;\"><strong><span style=\"font-family: 'Arial',sans-serif;\">tel. 52 386 72 39<\/span><\/strong><\/p>\n<\/td>\n<\/tr>\n<tr style=\"height: 122px;\">\n<td style=\"width: 50%; height: 122px;\">\n<p style=\"margin: 0cm; line-height: 150%;\"><strong><span style=\"font-size: 13.0pt; line-height: 150%; font-family: 'Arial',sans-serif;\">Justyna Lesiewicz<\/span><\/strong><\/p>\n<p style=\"margin: 0cm; line-height: 150%;\"><strong><span style=\"font-size: 10.0pt; line-height: 150%; font-family: 'Arial',sans-serif; color: darkgreen;\">Starszy specjalista ds. aktywizacji spo\u0142ecznej i wsp\u00f3\u0142pracy zagranicznej<\/span><\/strong><span style=\"font-size: 10.0pt; line-height: 150%;\"><br \/>\n<\/span><strong><span style=\"font-family: 'Arial',sans-serif;\">projekty UE<\/span><\/strong><\/p>\n<p style=\"margin: 0cm; line-height: 150%;\"><span style=\"font-family: 'Arial',sans-serif;\">e-mail:\u00a0<strong><a href=\"mailto:justyna.lesiewicz@kpodr.pl\"><span style=\"color: green;\">justyna.lesiewicz@kpodr.pl<\/span><\/a><\/strong><\/span><\/p>\n<p style=\"margin: 0cm; line-height: 150%;\"><strong><span style=\"font-family: 'Arial',sans-serif;\">tel. 52 386 72 13<\/span><\/strong><\/p>\n<\/td>\n<td style=\"width: 50%; height: 122px;\">\n<p style=\"margin: 0cm; line-height: 150%;\"><strong><span style=\"font-size: 13.0pt; line-height: 150%; font-family: 'Arial',sans-serif;\">Beata Che\u0142miniak\u200b<\/span><\/strong><\/p>\n<p style=\"margin: 0cm; line-height: 150%;\"><strong><span style=\"font-size: 10.0pt; line-height: 150%; font-family: 'Arial',sans-serif; color: darkgreen;\">Starszy s<span style=\"font-family: 'Arial',sans-serif;\">pecjalista ds. dziedzictwa kulinarnego i przedsi\u0119biorczo\u015bci<\/span><\/span><\/strong><\/p>\n<p style=\"margin: 0cm; line-height: 150%;\"><span style=\"font-family: 'Arial',sans-serif;\">e-mail: <strong><a href=\"https:\/\/beata.chelminiak@kpodr.pl\"><span style=\"color: green;\">beata.chelminiak@kpodr.pl<\/span><\/a><\/strong><\/span><\/p>\n<p style=\"margin: 0cm; line-height: 150%;\"><strong><span style=\"font-family: 'Arial',sans-serif;\">tel. 52 386 72 13, 723 692\u00a0545<\/span><\/strong><\/p>\n<\/td>\n<\/tr>\n<tr style=\"height: 98px;\">\n<td style=\"width: 50%; height: 98px;\">\n<p style=\"margin: 0cm; line-height: 150%;\"><strong><span style=\"font-size: 13.0pt; line-height: 150%; font-family: 'Arial',sans-serif;\">Aleksandra Hapka<\/span><\/strong><\/p>\n<p style=\"margin: 0cm; line-height: 150%;\"><strong><span style=\"font-size: 10.0pt; line-height: 150%; font-family: 'Arial',sans-serif; color: darkgreen;\">Specjalista ds. turystyki wiejskiej i marketingu<\/span><\/strong><\/p>\n<p style=\"margin: 0cm; line-height: 150%;\"><span style=\"font-family: 'Arial',sans-serif;\">e-mail:<span style=\"color: green;\">\u00a0<\/span><strong><a href=\"mailto:aleksandra.hapka@kpodr.pl\"><span style=\"color: green;\">aleksandra.hapka@kpodr.pl<\/span><\/a><\/strong><\/span><\/p>\n<p style=\"margin: 0cm; line-height: 150%;\"><strong><span style=\"font-family: 'Arial',sans-serif;\">tel. 52 386 72 13, 693 301\u00a0527<\/span><\/strong><\/p>\n<\/td>\n<td style=\"width: 50%; height: 98px;\">\n<p style=\"margin: 0cm; line-height: 150%;\"><strong><span style=\"font-size: 13.0pt; line-height: 150%; font-family: 'Arial',sans-serif;\">Marta Bettin<\/span><\/strong><\/p>\n<p style=\"margin: 0cm; line-height: 150%;\"><strong><span style=\"font-size: 10.0pt; line-height: 150%; font-family: 'Arial',sans-serif; color: darkgreen;\">Specjalista ds. turystyki i agroturystyki<\/span><\/strong><\/p>\n<p style=\"margin: 0cm; line-height: 150%;\"><span style=\"font-family: 'Arial',sans-serif;\">e-mail: <strong><a href=\"https:\/\/marta.kamyszek@kpodr.pl\"><span style=\"color: green;\">marta.bettin<\/span><\/a><a href=\"mailto:aleksandra.hapka@kpodr.pl\"><span style=\"color: green;\">@kpodr.pl<\/span><\/a><\/strong><\/span><\/p>\n<p style=\"margin: 0cm; line-height: 150%;\"><strong><span style=\"font-family: 'Arial',sans-serif;\">tel. 52 386 72 39<\/span><\/strong><\/p>\n<\/td>\n<\/tr>\n<tr style=\"height: 98px;\">\n<td style=\"width: 50%; height: 98px;\">\n<p style=\"margin: 0cm; line-height: 150%;\"><strong><span style=\"font-size: 13.0pt; line-height: 150%; font-family: 'Arial',sans-serif;\">Miros\u0142awa Wajnert<\/span><\/strong><\/p>\n<p style=\"margin: 0cm; line-height: 150%;\"><strong><span style=\"font-size: 10.0pt; line-height: 150%; font-family: 'Arial',sans-serif; color: darkgreen;\">Specjalista ds. innowacji<\/span><\/strong><\/p>\n<p style=\"margin: 0cm; line-height: 150%;\"><span style=\"font-family: 'Arial',sans-serif;\">e-mail:<strong> <a href=\"mailto:miroslawa.wajnert@kpodr.pl\"><span style=\"color: darkgreen;\">miroslawa.wajnert@kpodr.pl<\/span><\/a><\/strong><\/span><\/p>\n<p style=\"margin: 0cm; line-height: 150%;\"><b><span style=\"font-family: 'Arial',sans-serif;\">tel. 52 386 72 36, 605\u00a0329\u00a0220<\/span><\/b><\/p>\n<\/td>\n<td style=\"width: 50%; height: 98px;\">\n<p style=\"margin: 0cm; line-height: 150%;\"><strong><span style=\"font-size: 13.0pt; line-height: 150%; font-family: 'Arial',sans-serif;\">Magdalena Kulus<\/span><\/strong><\/p>\n<p style=\"margin: 0cm; line-height: 150%;\"><strong><span style=\"font-size: 10.0pt; line-height: 150%; font-family: 'Arial',sans-serif; color: darkgreen;\">Specjalista ds. przetw\u00f3rstwa i bezpiecze\u0144stwa \u017cywno\u015bci<\/span><\/strong><\/p>\n<p style=\"margin: 0cm; line-height: 150%;\"><span style=\"font-family: 'Arial',sans-serif;\">e-mail:<strong> <a href=\"mailto:magdalena.kulus@kpodr.pl\"><span style=\"color: darkgreen;\">magdalena.kulus@kpodr.pl<\/span><\/a><\/strong><\/span><\/p>\n<p style=\"margin: 0cm; line-height: 150%;\"><b><span style=\"font-family: 'Arial',sans-serif;\">tel. 52 386 72 46, 723 692\u00a0551<\/span><\/b><\/p>\n<\/td>\n<\/tr>\n<\/tbody>\n<\/table>\n<p>&nbsp;<\/p>\n<p><span style=\"text-decoration: underline; font-size: 20px;\"><span style=\"font-family: helvetica, arial, sans-serif;\"><strong>Oddzia\u0142 w Zarzeczewie<\/strong><\/span><\/span><\/p>\n<table style=\"width: 100%; border-collapse: collapse; border-style: hidden;\">\n<tbody>\n<tr>\n<td style=\"width: 50%;\">\n<p style=\"margin: 0cm; line-height: 150%;\"><strong><span style=\"font-size: 13.0pt; line-height: 150%; font-family: 'Arial',sans-serif;\">Anna Dykczy\u0144ska<\/span><\/strong><\/p>\n<p style=\"margin: 0cm; line-height: 150%;\"><strong><span style=\"font-size: 10.0pt; line-height: 150%; font-family: 'Arial',sans-serif; color: darkgreen;\">G\u0142\u00f3wny specjalista<\/span><\/strong><span style=\"font-size: 10.0pt; line-height: 150%; font-family: 'Arial',sans-serif; color: darkgreen;\"> <strong><span style=\"font-family: 'Arial',sans-serif;\">ds. przedsi\u0119biorczo\u015bci i dziedzictwa kulturowego<\/span><\/strong><\/span><\/p>\n<p style=\"margin: 0cm; line-height: 150%;\"><span style=\"font-family: 'Arial',sans-serif;\">e-mail: <strong><a href=\"mailto:laura.maciejewska@kpodr.pl\"><span style=\"color: darkgreen;\">anna.dykczynska@kpodr.pl<\/span><\/a><\/strong><\/span><\/p>\n<p style=\"margin: 0cm; line-height: 150%;\"><b><span style=\"font-family: 'Arial',sans-serif;\">tel. 54 255 06 13, 723 330\u00a0996<\/span><\/b><\/p>\n<\/td>\n<td style=\"width: 50%;\">\n<p style=\"margin: 0cm; line-height: 150%;\"><strong><span style=\"font-size: 13.0pt; line-height: 150%; font-family: 'Arial',sans-serif;\">Milena Gawro\u0144ska <\/span><\/strong><\/p>\n<p style=\"margin: 0cm; line-height: 150%;\"><strong><span style=\"font-size: 10.0pt; line-height: 150%; font-family: 'Arial',sans-serif; color: darkgreen;\">Specjalista ds. przedsi\u0119biorczo\u015bci <\/span><\/strong><\/p>\n<p style=\"margin: 0cm; line-height: 150%;\"><span style=\"font-family: 'Arial',sans-serif;\">e-mail: <strong><a href=\"mailto:milena.gawronska@kpodr.pl\"><span style=\"color: darkgreen;\">milena.gawronska@kpodr.pl<\/span><\/a><\/strong><\/span><\/p>\n<p style=\"margin: 0cm; line-height: 150%;\"><b><span style=\"font-family: 'Arial',sans-serif;\">tel. 723\u00a0340\u00a0045<\/span><\/b><\/p>\n<\/td>\n<\/tr>\n<\/tbody>\n<\/table>\n<p>&nbsp;<\/p>\n<p><span style=\"text-decoration: underline; font-size: 20px;\"><span style=\"font-family: helvetica, arial, sans-serif;\"><strong>Oddzia\u0142 w Przysieku<\/strong><\/span><\/span><\/p>\n<table style=\"width: 100%; border-collapse: collapse; border-style: hidden;\">\n<tbody>\n<tr>\n<td style=\"width: 50%;\">\n<p style=\"margin: 0cm; line-height: 150%;\"><strong><span style=\"font-size: 13.0pt; line-height: 150%; font-family: 'Arial',sans-serif;\">Anna Kaszkowiak<\/span><\/strong><\/p>\n<p style=\"margin: 0cm; line-height: 150%;\"><b><span style=\"font-size: 10.0pt; line-height: 150%; font-family: 'Arial',sans-serif; color: darkgreen;\">Starszy specjalista ds. wsp\u00f3\u0142pracy z zagranic\u0105<\/span><\/b><\/p>\n<p style=\"margin: 0cm; line-height: 150%;\"><span style=\"font-family: 'Arial',sans-serif;\">e-mail: <strong><a href=\"http:\/\/anna.kaszkowiak@kpodr.pl\"><span style=\"color: green;\">anna.kaszkowiak@kpodr.pl<\/span><\/a><\/strong><\/span><\/p>\n<p style=\"margin: 0cm; line-height: 150%;\"><b><span style=\"font-family: 'Arial',sans-serif;\">tel. 56\u00a0611 09 25<\/span><\/b><\/p>\n<\/td>\n<td style=\"width: 50%;\"><\/td>\n<\/tr>\n<\/tbody>\n<\/table>\n<p>&nbsp;<\/p>\n","protected":false},"excerpt":{"rendered":"<p>KPODR w Minikowie Aleksandra Bieli\u0144ska Kierownik Dzia\u0142u Rozwoju Obszar\u00f3w Wiejskich Wsp\u00f3lna Polityka Rolna, fundusze unijne e-mail:\u00a0aleksandra.bielinska@kpodr.pl Ma\u0142gorzata Weso\u0142owska Broker innowacji Przedsi\u0119biorczo\u015b\u0107 e-mail: malgorzata.wesolowska@kpodr.pl tel. 52 386 72 39 Justyna Lesiewicz [&hellip;]<\/p>\n","protected":false},"author":3,"featured_media":0,"parent":0,"menu_order":3,"comment_status":"closed","ping_status":"closed","template":"","meta":{"footnotes":""},"class_list":["post-46","page","type-page","status-publish","hentry"],"rttpg_featured_image_url":null,"rttpg_author":{"display_name":"Jaros\u0142aw Domi\u0144ski","author_link":"https:\/\/row.kpodr.pl\/index.php\/author\/jarek\/"},"rttpg_comment":0,"rttpg_category":null,"rttpg_excerpt":"KPODR w Minikowie Aleksandra Bieli\u0144ska Kierownik Dzia\u0142u Rozwoju Obszar\u00f3w Wiejskich Wsp\u00f3lna Polityka Rolna, fundusze unijne e-mail:\u00a0aleksandra.bielinska@kpodr.pl Ma\u0142gorzata Weso\u0142owska Broker innowacji Przedsi\u0119biorczo\u015b\u0107 e-mail: malgorzata.wesolowska@kpodr.pl tel. 52 386 72 39 Justyna Lesiewicz [&hellip;]","_links":{"self":[{"href":"https:\/\/row.kpodr.pl\/index.php\/wp-json\/wp\/v2\/pages\/46","targetHints":{"allow":["GET"]}}],"collection":[{"href":"https:\/\/row.kpodr.pl\/index.php\/wp-json\/wp\/v2\/pages"}],"about":[{"href":"https:\/\/row.kpodr.pl\/index.php\/wp-json\/wp\/v2\/types\/page"}],"author":[{"embeddable":true,"href":"https:\/\/row.kpodr.pl\/index.php\/wp-json\/wp\/v2\/users\/3"}],"replies":[{"embeddable":true,"href":"https:\/\/row.kpodr.pl\/index.php\/wp-json\/wp\/v2\/comments?post=46"}],"version-history":[{"count":27,"href":"https:\/\/row.kpodr.pl\/index.php\/wp-json\/wp\/v2\/pages\/46\/revisions"}],"predecessor-version":[{"id":3314,"href":"https:\/\/row.kpodr.pl\/index.php\/wp-json\/wp\/v2\/pages\/46\/revisions\/3314"}],"wp:attachment":[{"href":"https:\/\/row.kpodr.pl\/index.php\/wp-json\/wp\/v2\/media?parent=46"}],"curies":[{"name":"wp","href":"https:\/\/api.w.org\/{rel}","templated":true}]}}