{"id":1225,"date":"2020-02-12T12:02:31","date_gmt":"2020-02-12T11:02:31","guid":{"rendered":"https:\/\/row.kpodr.pl\/?page_id=1225"},"modified":"2020-12-17T09:58:44","modified_gmt":"2020-12-17T08:58:44","slug":"rolnictwo-spoleczne-2","status":"publish","type":"page","link":"https:\/\/row.kpodr.pl\/index.php\/rolnictwo-spoleczne-2\/","title":{"rendered":"Rolnictwo spo\u0142eczne"},"content":{"rendered":"<p>\n\t&nbsp;\n<\/p>\n<p style=\"text-align: justify;\">\n\t<strong>Osoby wykluczone spo\u0142ecznie przebywaj\u0105c w gospodarstwach opieku\u0144czych staj\u0105 si\u0119 ich domownikami. Pocz\u0105tkowo niepewni, zdezorientowani nowym otoczeniem, z czasem nabieraj\u0105 zaufania, zaprzyja\u017aniaj\u0105 si\u0119 z cz\u0142onkami grupy. Z zapa\u0142em zajmuj\u0105 si\u0119 przydomowym ogr&oacute;dkiem i opiekuj\u0105 zwierz\u0119tami. A jaka to rado\u015b\u0107 wsp&oacute;lnie ugotowa\u0107 obiad. Nic nie smakuje lepiej ni\u017c samodzielnie wyhodowane warzywa. Te i inne codzienne czynno\u015bci to prawdziwa terapia, wspierani przez specjalist&oacute;w \u0107wicz\u0105 nie tylko kolejne umiej\u0119tno\u015bci, ale buduj\u0105 te\u017c pewno\u015b\u0107 siebie i otwieraj\u0105 si\u0119 na otoczenie, na ca\u0142\u0105 lokaln\u0105 spo\u0142eczno\u015b\u0107. Pobyt w takim miejscu daje im szans\u0119 na rozw&oacute;j oraz mo\u017cliwo\u015b\u0107 rozpocz\u0119cia samodzielnego \u017cycia.<\/strong>\n<\/p>\n<p style=\"text-align: justify;\">\n\tKujawsko-Pomorski O\u015brodek Doradztwa Rolniczego w Minikowie (KPODR) w partnerstwie z Powiatowym Centrum Pomocy Rodzinie w Tucholi (PCPR) i innymi podmiotami (Polskie Stowarzyszenie na Rzecz Os&oacute;b z Niepe\u0142nosprawno\u015bci\u0105 Intelektualn\u0105 Ko\u0142o w Chojnicach oraz Stowarzyszenie Rodzic&oacute;w Dzieci Specjalnej Troski w Tucholi) rozpocz\u0119li\u015bmy pierwsze dzia\u0142ania zwi\u0105zane z bardzo ciekawym i nowatorskim projektem <em>&bdquo;Samodzielnie (nie samemu) &#8211; wspieranie os&oacute;b z niepe\u0142nosprawno\u015bci\u0105 w powiecie tucholskim&rdquo;.<\/em> &nbsp;Zak\u0142adamy, \u017ce kluczowe jest wykorzystanie istniej\u0105cych zasob&oacute;w gospodarstw rolnych i ich tradycyjnej roli.&nbsp; W zale\u017cno\u015bci od swoich umiej\u0119tno\u015bci i zainteresowa\u0144 uczestnicy b\u0119d\u0105 mieli np. mo\u017cliwo\u015b\u0107&nbsp; samodzielnej uprawy warzyw, prowadzenia rabatek kwiatowych czy realizowania si\u0119 tworz\u0105c drobne rob&oacute;tki r\u0119czne.&nbsp; Przy wsparciu gospodarza-opiekuna zostan\u0105 im powierzone konkretne zadania w zale\u017cno\u015bci od indywidualnych predyspozycji i potrzeb ka\u017cdego z uczestnik&oacute;w. Osoby, kt&oacute;re lubi\u0105 zwierz\u0119ta b\u0119d\u0105 mog\u0142y opiekowa\u0107 si\u0119 i dba\u0107 o drobne zwierz\u0119ta przebywaj\u0105ce w gospodarstwie. Dodatkowym wsparciem w gospodarstwach b\u0119d\u0105 r&oacute;wnie\u017c specjali\u015bci (np. terapeuta, psycholog, piel\u0119gniarka itp.) Jest to nowe w Polsce narz\u0119dzie aktywizacji spo\u0142ecznej os&oacute;b z niepe\u0142nosprawno\u015bci\u0105 intelektualn\u0105. Obecnie tworzymy w gospodarstwach opieku\u0144czych &nbsp;miejsca dziennego <strong>pobytu tzw. Otwarte Punkty Integracji (OPI) oraz Mieszkania Treningowe (MT).<\/strong> W naszym kraju dotychczas tworzone by\u0142y gospodarstwa wspieraj\u0105ce przede wszystkim osoby starsze, natomiast w krajach, gdzie to rozwi\u0105zanie jest stosowane od lat, np. w Holandii, Wielkiej Brytanii i W\u0142oszech, gospodarstwa z powodzeniem \u015bwiadcz\u0105 r&oacute;wnie\u017c us\u0142ugi na rzecz os&oacute;b doros\u0142ych i dzieci z r&oacute;\u017cnymi dysfunkcjami. Wdro\u017cenie tej innowacji w Polsce pozwoli na obj\u0119cie wsparciem os&oacute;b zamieszkuj\u0105cych obszary wiejskie, gdzie dost\u0119p do us\u0142ug opieku\u0144czych jest utrudniony i bardzo drogi. Uczestnikami projektu s\u0105 osoby z niepe\u0142nosprawno\u015bci\u0105 intelektualn\u0105 w wieku 18-64 lat, kt&oacute;re zako\u0144czy\u0142y nauk\u0119 i s\u0105 mieszka\u0144cami powiatu tucholskiego oraz ich opiekunowie. W projekcie nie zak\u0142adamy pobierania op\u0142at od odbiorc&oacute;w poszczeg&oacute;lnych us\u0142ug. W przypadku kontynuacji dzia\u0142a\u0144 poza projektem, trzeba b\u0119dzie tak\u0105 odp\u0142atno\u015b\u0107 niestety za\u0142o\u017cy\u0107.\n<\/p>\n<p style=\"text-align: justify;\">\n\t<strong>Jak wygl\u0105da pobyt w Otwartym Punkcie Integracji?<\/strong>\n<\/p>\n<p style=\"text-align: justify;\">\n\tOtwarte Punkty Integracji (OPI) s\u0105 form\u0105 dziennego wsparcia os&oacute;b z niepe\u0142nosprawno\u015bci\u0105 intelektualn\u0105, powstan\u0105 w trzech gospodarstwach. W jednym OPI b\u0119dzie r&oacute;wnocze\u015bnie przebywa\u0107 nie wi\u0119cej ni\u017c pi\u0119ciu uczestnik&oacute;w.\n<\/p>\n<p style=\"text-align: justify;\">\n\tUczestnicy codziennie spotykaj\u0105 si\u0119 w gospodarstwach opieku\u0144czych. W\u0142a\u015bciciel gospodarstwa organizuje przyw&oacute;z i odwozi uczestnik&oacute;w po zako\u0144czeniu zaj\u0119\u0107. G\u0142&oacute;wn\u0105 zalet\u0105 realizacji terapii w gospodarstwach rolnych jest ich tradycyjna funkcja, bezpo\u015bredni kontakt z otaczaj\u0105c\u0105 natur\u0105, opieka nad zwierz\u0119tami przebywaj\u0105cymi w gospodarstwie. W takim miejscu uczestnicy mog\u0105 sp\u0119dza\u0107 czas realizuj\u0105c swoje hobby, dbaj\u0105c o rabatki kwiatowe czy warzywa w przydomowym ogr&oacute;dku. Wsp&oacute;lnie przygotowuj\u0105 posi\u0142ki, obieraj\u0105 ziemniaki, kroj\u0105 marchewk\u0119 czy nakrywaj\u0105 do sto\u0142u &#8211; wszystko to r&oacute;wnie\u017c w ramach terapii. Rol\u0105 w\u0142a\u015bcicieli gospodarstw jest zar&oacute;wno organizacja us\u0142ug, zapewnienie obs\u0142ugi finansowej, administracyjnej, jak i bezpo\u015brednia praca z osobami niepe\u0142nosprawnymi. Poza gospodarzem zatrudnieni b\u0119d\u0105 specjali\u015bci np. terapeuci, kt&oacute;rych obecno\u015b\u0107 b\u0119dzie zale\u017cna od potrzeb konkretnych uczestnik&oacute;w. Psycholog, piel\u0119gniarka, terapeuci, logopeda czy te\u017c pedagog b\u0119d\u0105 wsparciem zar&oacute;wno dla podopiecznych, jak i dla w\u0142a\u015bcicieli gospodarstw. W OPI organizowane b\u0119dzie tak\u017ce wsparcie dla rodzin uczestnik&oacute;w, np. w formie grup wsparcia czy mo\u017cliwo\u015bci skorzystania z porad specjalist&oacute;w.\n<\/p>\n<p style=\"text-align: justify;\">\n\t<strong>Jak wygl\u0105da pobyt w Mieszkaniu Treningowym?<\/strong>\n<\/p>\n<p style=\"text-align: justify;\">\n\tMieszkania treningowe (MT) s\u0105 ca\u0142odobow\u0105 form\u0105 wsparcia os&oacute;b z niepe\u0142nosprawno\u015bci\u0105 intelektualn\u0105. W projekcie zak\u0142ada si\u0119 utworzenie jednego mieszkania treningowego w gospodarstwie opieku\u0144czym, w kt&oacute;rym nie powinny przebywa\u0107 wi\u0119cej ni\u017c cztery osoby. Maksymalna d\u0142ugo\u015b\u0107 pobytu to sze\u015b\u0107 miesi\u0119cy, przy czym istnieje tak\u017ce mo\u017cliwo\u015b\u0107 pobyt&oacute;w kr&oacute;tkookresowych (np. 2-tygodniowych). Jest to pomoc skierowana do opiekun&oacute;w os&oacute;b z niepe\u0142nosprawno\u015bci\u0105 jako element realizacji polityki wytchnieniowej.\n<\/p>\n<p style=\"text-align: justify;\">\n\tUczestnicy po prostu mieszkaj\u0105 w gospodarstwie. Wykonuj\u0105 codzienne czynno\u015bci przy wsparciu opiekuna-terapeuty; ze wzgl\u0119du na treningowy charakter mieszkania maj\u0105 zapewnion\u0105 ca\u0142odobow\u0105 opiek\u0119. Mieszka\u0144cy sami przyrz\u0105dzaj\u0105 posi\u0142ki, robi\u0105 zakupy, ucz\u0105 si\u0119 planowania i zarz\u0105dzania swoim bud\u017cetem domowym. Dzia\u0142ania te maj\u0105 na celu wypracowanie u podopiecznych umiej\u0119tno\u015bci samodzielnego funkcjonowania w gospodarstwie domowym. Sam pobyt w mieszkaniu, w gospodarstwie jest terapi\u0105.\n<\/p>\n<p style=\"text-align: justify;\">\n\tDzi\u0119ki wieloletniemu do\u015bwiadczeniu partner&oacute;w mo\u017cliwa jest poprawna realizacja dzia\u0142a\u0144 w projekcie. Wa\u017cn\u0105 rol\u0119 pe\u0142ni np. specjalista ds. terapii merytorycznie wspieraj\u0105cy gospodarstwa opieku\u0144cze. Pomaga on utworzy\u0107 indywidualne plany terapii, ocenia potencja\u0142 przyrodniczy, zasoby zwierz\u0119ce w gospodarstwie umo\u017cliwiaj\u0105ce prowadzenie terapii na miejscu, w gospodarstwie. Specjalista ds. aktywizacji os&oacute;b niepe\u0142noprawnych zapewnia wsparcie w rozwi\u0105zywaniu codziennych problem&oacute;w i motywuje uczestnik&oacute;w do dzia\u0142ania i rozwoju. W projekcie jest r&oacute;wnie\u017c osoba, kt&oacute;ra zapewnia doradztwo merytoryczne personelowi oraz osobom prowadz\u0105cym i zatrudnianym w gospodarstwach opieku\u0144czych tj. superwizor, kt&oacute;ry b\u0119dzie ocenia\u0142 prawid\u0142owo\u015b\u0107 udzielanego wsparcia.\n<\/p>\n<p style=\"text-align: justify;\">\n\t<strong>Mieszkanie wspierane (MW) &#8211; prowadzone przez<\/strong> <strong>Powiatowe Centrum Pomocy Rodzinie w Tucholi<\/strong>\n<\/p>\n<p style=\"text-align: justify;\">\n\tPowiatowe Centrum Pomocy Rodzinie w Tucholi planuje te\u017c utworzenie Mieszkania Wspieranego (MW), miejsca ca\u0142odobowego pobytu, przy czym nie b\u0119dzie ono tworzone w gospodarstwie, a w nowo wybudowanym Powiatowym Centrum Wsparciakt&oacute;ry zgodnie z planem ma by\u0107 oddany do u\u017cytku na pocz\u0105tku przysz\u0142ego roku. Mieszkanie wspierane jest dalszym etapem procesu usamodzielniania os&oacute;b z niepe\u0142nosprawno\u015bci\u0105 intelektualn\u0105. W odr&oacute;\u017cnieniu od mieszkania treningowego uczestnicy nie b\u0119d\u0105 mieli w nim zapewnionej ca\u0142odobowej opieki, natomiast b\u0119dzie zatrudniony opiekun mieszkania. Jego rola b\u0119dzie ograniczona do zada\u0144 nadzorczych oraz wspierania w rozwi\u0105zywania ewentualnych problem&oacute;w. Drug\u0105 istotn\u0105 r&oacute;\u017cnic\u0105 jest brak limitu przebywania w mieszkaniu wspieranym, przy czym rol\u0105 jednostki organizuj\u0105cej us\u0142ug\u0119 b\u0119dzie r&oacute;wnie\u017c wspieranie odbiorc&oacute;w przy poszukiwaniu w pe\u0142ni samodzielnego mieszkania.\n<\/p>\n<p style=\"text-align: justify;\">\n\tObecnie zosta\u0142y podpisane umowy z Wykonawcami &#8211; w\u0142a\u015bcicielami gospodarstw, wybranymi na drodze post\u0119powania przetargowego. PCPR zawiera kontrakty aktywizacyjne z poszczeg&oacute;lnymi podopiecznymi, a po zdiagnozowaniu ich potrzeb nast\u0105pi realizacja codziennych zada\u0144, s\u0142u\u017c\u0105cych stopniowemu usamodzielnianiu. &nbsp;Rozwijanie us\u0142ug opieku\u0144czych i spo\u0142ecznych na obszarach wiejskich mo\u017ce by\u0107 alternatyw\u0105&nbsp; dla niewystarczaj\u0105cej liczby plac&oacute;wek opieku\u0144czych, wysokich koszt&oacute;w zapewnienia opieki osobom niesamodzielnym oraz doros\u0142ym z niepe\u0142nosprawno\u015bci\u0105, a dla samych podopiecznych szans\u0105 na samodzielne \u017cycie.\n<\/p>\n<p style=\"text-align: justify;\">\n\t<em>Uczestnicy przebywaj\u0105c w gospodarstwach opieku\u0144czych z czasem nabieraj\u0105 zaufania, zaprzyja\u017aniaj\u0105 si\u0119 z cz\u0142onkami grupy i z rado\u015bci\u0105 zajmuj\u0105 si\u0119 przydomowym ogr&oacute;dkiem<strong>.<\/strong><\/em>\n<\/p>\n<p style=\"text-align: justify;\">\n\tPrzygotowa\u0142a: Justyna Lesiewicz<br \/>\n\tKPODR w Minikowie\n<\/p>\n<p style=\"text-align: justify;\">\n\t&nbsp;<\/p>\n","protected":false},"excerpt":{"rendered":"<p>&nbsp; Osoby wykluczone spo\u0142ecznie przebywaj\u0105c w gospodarstwach opieku\u0144czych staj\u0105 si\u0119 ich domownikami. Pocz\u0105tkowo niepewni, zdezorientowani nowym otoczeniem, z czasem nabieraj\u0105 zaufania, zaprzyja\u017aniaj\u0105 si\u0119 z cz\u0142onkami grupy. Z zapa\u0142em zajmuj\u0105 si\u0119 [&hellip;]<\/p>\n","protected":false},"author":3,"featured_media":1389,"parent":0,"menu_order":0,"comment_status":"closed","ping_status":"closed","template":"","meta":{"footnotes":""},"class_list":["post-1225","page","type-page","status-publish","has-post-thumbnail","hentry"],"rttpg_featured_image_url":{"full":["https:\/\/row.kpodr.pl\/wp-content\/uploads\/2020\/04\/Gosp_opiek_Bochlin_17.jpg",3000,2000,false],"landscape":["https:\/\/row.kpodr.pl\/wp-content\/uploads\/2020\/04\/Gosp_opiek_Bochlin_17.jpg",3000,2000,false],"portraits":["https:\/\/row.kpodr.pl\/wp-content\/uploads\/2020\/04\/Gosp_opiek_Bochlin_17.jpg",3000,2000,false],"thumbnail":["https:\/\/row.kpodr.pl\/wp-content\/uploads\/2020\/04\/Gosp_opiek_Bochlin_17-150x150.jpg",150,150,true],"medium":["https:\/\/row.kpodr.pl\/wp-content\/uploads\/2020\/04\/Gosp_opiek_Bochlin_17-300x200.jpg",300,200,true],"large":["https:\/\/row.kpodr.pl\/wp-content\/uploads\/2020\/04\/Gosp_opiek_Bochlin_17-1024x683.jpg",1024,683,true],"1536x1536":["https:\/\/row.kpodr.pl\/wp-content\/uploads\/2020\/04\/Gosp_opiek_Bochlin_17.jpg",1536,1024,false],"2048x2048":["https:\/\/row.kpodr.pl\/wp-content\/uploads\/2020\/04\/Gosp_opiek_Bochlin_17.jpg",2048,1365,false],"botiga-extra-large":["https:\/\/row.kpodr.pl\/wp-content\/uploads\/2020\/04\/Gosp_opiek_Bochlin_17.jpg",1140,760,false],"botiga-large":["https:\/\/row.kpodr.pl\/wp-content\/uploads\/2020\/04\/Gosp_opiek_Bochlin_17.jpg",920,613,false],"botiga-big":["https:\/\/row.kpodr.pl\/wp-content\/uploads\/2020\/04\/Gosp_opiek_Bochlin_17.jpg",575,383,false],"botiga-medium":["https:\/\/row.kpodr.pl\/wp-content\/uploads\/2020\/04\/Gosp_opiek_Bochlin_17.jpg",380,253,false]},"rttpg_author":{"display_name":"Jaros\u0142aw Domi\u0144ski","author_link":"https:\/\/row.kpodr.pl\/index.php\/author\/jarek\/"},"rttpg_comment":0,"rttpg_category":null,"rttpg_excerpt":"&nbsp; Osoby wykluczone spo\u0142ecznie przebywaj\u0105c w gospodarstwach opieku\u0144czych staj\u0105 si\u0119 ich domownikami. Pocz\u0105tkowo niepewni, zdezorientowani nowym otoczeniem, z czasem nabieraj\u0105 zaufania, zaprzyja\u017aniaj\u0105 si\u0119 z cz\u0142onkami grupy. Z zapa\u0142em zajmuj\u0105 si\u0119 [&hellip;]","_links":{"self":[{"href":"https:\/\/row.kpodr.pl\/index.php\/wp-json\/wp\/v2\/pages\/1225","targetHints":{"allow":["GET"]}}],"collection":[{"href":"https:\/\/row.kpodr.pl\/index.php\/wp-json\/wp\/v2\/pages"}],"about":[{"href":"https:\/\/row.kpodr.pl\/index.php\/wp-json\/wp\/v2\/types\/page"}],"author":[{"embeddable":true,"href":"https:\/\/row.kpodr.pl\/index.php\/wp-json\/wp\/v2\/users\/3"}],"replies":[{"embeddable":true,"href":"https:\/\/row.kpodr.pl\/index.php\/wp-json\/wp\/v2\/comments?post=1225"}],"version-history":[{"count":3,"href":"https:\/\/row.kpodr.pl\/index.php\/wp-json\/wp\/v2\/pages\/1225\/revisions"}],"predecessor-version":[{"id":1711,"href":"https:\/\/row.kpodr.pl\/index.php\/wp-json\/wp\/v2\/pages\/1225\/revisions\/1711"}],"wp:featuredmedia":[{"embeddable":true,"href":"https:\/\/row.kpodr.pl\/index.php\/wp-json\/wp\/v2\/media\/1389"}],"wp:attachment":[{"href":"https:\/\/row.kpodr.pl\/index.php\/wp-json\/wp\/v2\/media?parent=1225"}],"curies":[{"name":"wp","href":"https:\/\/api.w.org\/{rel}","templated":true}]}}